{"id":317,"date":"2016-03-16T12:06:02","date_gmt":"2016-03-16T12:06:02","guid":{"rendered":"http:\/\/stockholm12.select-themes.com\/?page_id=4"},"modified":"2020-03-10T10:01:02","modified_gmt":"2020-03-10T08:01:02","slug":"restaurant-home","status":"publish","type":"page","link":"https:\/\/truth.capetown\/","title":{"rendered":"Restaurant Home"},"content":{"rendered":"<p>[vc_row row_type=&#8221;row&#8221; use_row_as_full_screen_section=&#8221;no&#8221; type=&#8221;grid&#8221; text_align=&#8221;center&#8221; background_animation=&#8221;none&#8221; padding_top=&#8221;128&#8243; padding_bottom=&#8221;141&#8243; css_animation=&#8221;&#8221; background_color=&#8221;#000000&#8243;][vc_column width=&#8221;5\/6&#8243; offset=&#8221;vc_col-sm-offset-1&#8243;][vc_column_text]<\/p>\n<h2><span style=\"color: #ffffff;\">THE WORLD&#8217;S MOST LUXURIOUS COFFEE<\/span><\/h2>\n<p>[\/vc_column_text][vc_empty_space height=&#8221;60px&#8221;][vc_column_text]<\/p>\n<h5 style=\"text-align: center;\"><span style=\"color: #ffffff;\">Truth Coffee Roasting has specialized in selecting and roasting some of the world&#8217;s most exclusive coffees. <a style=\"color: #ffffff;\" href=\"https:\/\/www.telegraph.co.uk\/food-and-drink\/drinks\/the-worlds-best-coffee-shops\/\">Named the world&#8217;s best coffee shop by the <i>The Daily Telegraph<\/i> <\/a>for two years in a row, we strive to have you Taste the Joy of the Extraordinary.<\/span><\/h5>\n<p>[\/vc_column_text][\/vc_column][\/vc_row][vc_row row_type=&#8221;parallax&#8221; text_align=&#8221;center&#8221; background_image=&#8221;378&#8243; full_screen_section_height=&#8221;no&#8221; section_height=&#8221;450&#8243;][vc_column width=&#8221;5\/6&#8243; offset=&#8221;vc_col-sm-offset-1&#8243;][\/vc_column][\/vc_row][vc_row row_type=&#8221;row&#8221; use_row_as_full_screen_section=&#8221;no&#8221; type=&#8221;grid&#8221; text_align=&#8221;center&#8221; background_animation=&#8221;none&#8221; padding_top=&#8221;150&#8243; padding_bottom=&#8221;150&#8243; css_animation=&#8221;&#8221;][vc_column][vc_column_text]<\/p>\n<h2>Our latest coffees<\/h2>\n<p>[\/vc_column_text][vc_column_text]<\/p>\n<p style=\"text-align: center;\">only available as beans at HQ, Cape Town<\/p>\n<p>[\/vc_column_text][vc_empty_space height=&#8221;113px&#8221;][vc_row_inner row_type=&#8221;row&#8221; type=&#8221;full_width&#8221; use_row_as_full_screen_section_slide=&#8221;no&#8221; text_align=&#8221;left&#8221; css_animation=&#8221;&#8221;][vc_column_inner offset=&#8221;vc_col-md-6&#8243;][qode_pricing_list][qode_pricing_list_item title_tag=&#8221;h6&#8243; title=&#8221;Costa Rica (West Valley)&#8221; text=&#8221;Taste-wise : flavours of blackberry tart, black grape and nougat.&#8221; margin_bottom_item=&#8221;55&#8243; price=&#8221;R120 \/ 150g&#8221;][\/qode_pricing_list][vc_column_text]Altitude: 1700m<br \/>\nProcessing: Natural<br \/>\nVariety: Catuai, Caturra<br \/>\nRegion: West Valley, Costa Rica<br \/>\nFarmer : Danilo Salazar<br \/>\nFarm : San Cristobalde Llano[\/vc_column_text][\/vc_column_inner][\/vc_row_inner][\/vc_column][\/vc_row][vc_row row_type=&#8221;row&#8221; use_row_as_full_screen_section=&#8221;no&#8221; type=&#8221;full_width&#8221; text_align=&#8221;center&#8221; background_animation=&#8221;none&#8221; padding_top=&#8221;150&#8243; padding_bottom=&#8221;150&#8243; css_animation=&#8221;&#8221; transition_delay=&#8221;75&#8243; background_color=&#8221;#000000&#8243;][vc_column]<div class=\"testimonials_holder clearfix dark \"><div class=\"testimonials testimonials_carousel\" data-show-navigation=\"yes\" data-show-navigation-arrows=\"no\" data-animation-type=\"fade\" data-animation-speed=\"\" data-auto-rotate-slides=\"3\"><ul class=\"slides\"><li id=\"testimonials856\" class=\"testimonial_content\"><div class=\"testimonial_content_inner\"><div class=\"testimonial_text_holder left_align\"><div class=\"testimonial_text_inner\"><p style='color:#ffffff;'>Huge disservice if you visit Cape Town without stopping here during your visit! The staff are some of the most friendly I\u2019ve met in all of my travels! They have coffee down to a science and it shows with every sip! My favorites were the sunrise espresso and albumen airship. No worries if you're hungry as the food shines just as bright as the drinks!!<\/p><p class=\"testimonial_author\" style=\"\">- CPADiva | 28 December 2019<\/p><\/div><\/div><\/div><\/li><li id=\"testimonials855\" class=\"testimonial_content\"><div class=\"testimonial_content_inner\"><div class=\"testimonial_text_holder left_align\"><div class=\"testimonial_text_inner\"><p style='color:#ffffff;'>Surpreendente caf\u00e9! Local muito agrad\u00e1vel, com uma decora\u00e7\u00e3o diferenciada.\r\nAl\u00e9m do excelente atendimento os caf\u00e9s e as comidas s\u00e3o saborosos e muito bem servidos.\r\nVale a experi\u00eancia!<\/p><p class=\"testimonial_author\" style=\"\">- Fernando Peixoto | 20 December 2019<\/p><\/div><\/div><\/div><\/li><li id=\"testimonials838\" class=\"testimonial_content\"><div class=\"testimonial_content_inner\"><div class=\"testimonial_text_holder left_align\"><div class=\"testimonial_text_inner\"><p style='color:#ffffff;'>I have only heard excellent reviews about Truth Cafe in Cape Town so had to go and see for myself... What a funky eclectic atmosphere and vibe.. the bites tantalizing, the coffee - mind blowing!! Think I will have to visit far more often so I can test and try ALL the coffees on offer!<\/p><p class=\"testimonial_author\" style=\"\">- Franette Wilkinson | 8 March 2020<\/p><\/div><\/div><\/div><\/li><li id=\"testimonials836\" class=\"testimonial_content\"><div class=\"testimonial_content_inner\"><div class=\"testimonial_text_holder left_align\"><div class=\"testimonial_text_inner\"><p style='color:#ffffff;'>The food was amazing and the vibe was great. Loved the decor and ambience. Loved the barista, Josh and the runner, Colin. Please promote him Colin to a Waiter !!!! He was excellent\u2764\ufe0f<\/p><p class=\"testimonial_author\" style=\"\">- Debbie | 15 February 2020<\/p><\/div><\/div><\/div><\/li><li id=\"testimonials835\" class=\"testimonial_content\"><div class=\"testimonial_content_inner\"><div class=\"testimonial_text_holder left_align\"><div class=\"testimonial_text_inner\"><p style='color:#ffffff;'>Just like everyone else we went here to sample the worlds best coffee. It was pretty good as were the amazing faces the barista's can create but what blew me away were the cakes.. we had two, a apple tarte which was absolutely sublime and a lemon meringue which was quite possibly the best lemon meringue in the entire world..So go, enjoy the coffee and the super surroundings but make sure you try the cakes...<\/p><p class=\"testimonial_author\" style=\"\">- NickDud | 28 February 2020<\/p><\/div><\/div><\/div><\/li><li id=\"testimonials834\" class=\"testimonial_content\"><div class=\"testimonial_content_inner\"><div class=\"testimonial_text_holder left_align\"><div class=\"testimonial_text_inner\"><p style='color:#ffffff;'>Hiked up Table Mountain in the morning and had coffee and brunch here after! What a perfect morning! The coffee and the food were excellent and the service was perfect as well. The ambiance and setting are unique. Would strongly recommend this place.<\/p><p class=\"testimonial_author\" style=\"\">- Sofia P | 29 February 2020<\/p><\/div><\/div><\/div><\/li><li id=\"testimonials833\" class=\"testimonial_content\"><div class=\"testimonial_content_inner\"><div class=\"testimonial_text_holder left_align\"><div class=\"testimonial_text_inner\"><p style='color:#ffffff;'>This is the place to be. The coffee is ART. The food is well...also art. We went three times while in Cape Town last month. I went for the Avo Toast, Benedict, and WISH I had gone for the French toast. HOLY MOLY. I tried some of my husband's and it was insane. Like I have had dreams about it since. The atmosphere is so unique and chill. The PEOPLE are so amazing. The service was prompt, the people had a sense of humor, recommendations, and extensive experience. Everything about this place is class.<\/p><p class=\"testimonial_author\" style=\"\">- Rachel M. | 8 March 2020<\/p><\/div><\/div><\/div><\/li><li id=\"testimonials599\" class=\"testimonial_content\"><div class=\"testimonial_content_inner\"><div class=\"testimonial_text_holder left_align\"><div class=\"testimonial_text_inner\"><p style='color:#ffffff;'>Truth's coffees are masterful blends, crafted to bring you the fullest flavour of coffee possibly without even a hint of bitterness<\/p><p class=\"testimonial_author\" style=\"\">- Cape Coffee Beans<\/p><\/div><\/div><\/div><\/li><li id=\"testimonials594\" class=\"testimonial_content\"><div class=\"testimonial_content_inner\"><div class=\"testimonial_text_holder left_align\"><div class=\"testimonial_text_inner\"><p style='color:#ffffff;'>Truth Coffee is ultimately the world's best coffee shop<\/p><p class=\"testimonial_author\" style=\"\">- Daily Telegraph<\/p><\/div><\/div><\/div><\/li><\/ul><\/div><\/div>[\/vc_column][\/vc_row][vc_row row_type=&#8221;row&#8221; use_row_as_full_screen_section=&#8221;no&#8221; type=&#8221;grid&#8221; text_align=&#8221;left&#8221; background_animation=&#8221;none&#8221; padding_top=&#8221;105&#8243; padding_bottom=&#8221;79&#8243; css_animation=&#8221;&#8221;][vc_column offset=&#8221;vc_col-lg-offset-0 vc_col-lg-7 vc_col-md-offset-0 vc_col-sm-offset-0&#8243;][vc_row_inner row_type=&#8221;row&#8221; type=&#8221;full_width&#8221; use_row_as_full_screen_section_slide=&#8221;no&#8221; text_align=&#8221;left&#8221; css_animation=&#8221;&#8221;][vc_column_inner offset=&#8221;vc_col-md-6&#8243;][vc_single_image image=&#8221;358&#8243; img_size=&#8221;full&#8221; qode_css_animation=&#8221;&#8221;][vc_empty_space height=&#8221;40px&#8221;][\/vc_column_inner][vc_column_inner offset=&#8221;vc_col-md-6&#8243;][vc_single_image image=&#8221;384&#8243; img_size=&#8221;full&#8221; qode_css_animation=&#8221;&#8221;][vc_empty_space height=&#8221;40px&#8221;][\/vc_column_inner][\/vc_row_inner][\/vc_column][vc_column css=&#8221;.vc_custom_1459513931368{padding-left: 7% !important;}&#8221; offset=&#8221;vc_col-lg-offset-0 vc_col-lg-5 vc_col-md-offset-0 vc_col-sm-offset-0&#8243;][vc_empty_space height=&#8221;34px&#8221;][vc_column_text]<\/p>\n<h5>Breakfast or Brunch?<\/h5>\n<p>[\/vc_column_text][vc_empty_space height=&#8221;12px&#8221;][vc_column_text]<\/p>\n<h4>Served daily until 4 pm<\/h4>\n<p>[\/vc_column_text][vc_empty_space height=&#8221;20px&#8221;][vc_column_text]We are as passionate about our food as we are our coffee. Our chef sources the best local ingredients &#8211; free range, pasture reared, eggs from <a href=\"http:\/\/www.usana.co.za\">Usana<\/a> (check out their <a href=\"https:\/\/www.facebook.com\/usanafarm\/\">happy chickens<\/a>), grass fed beef from <a href=\"http:\/\/www.ffmm.co.za\">Frankie Fenner<\/a>, the best artisanal bacon (thick cut and full of flavour) and mouth watering sourdough bread from <a href=\"http:\/\/www.woodstockbakery.co.za\">Woodstock Bakery<\/a>.[\/vc_column_text][vc_empty_space height=&#8221;40px&#8221;][\/vc_column][\/vc_row][vc_row row_type=&#8221;row&#8221; use_row_as_full_screen_section=&#8221;no&#8221; type=&#8221;grid&#8221; text_align=&#8221;left&#8221; background_image=&#8221;277&#8243; background_animation=&#8221;none&#8221; padding_top=&#8221;105&#8243; padding_bottom=&#8221;79&#8243; css_animation=&#8221;&#8221;][vc_column offset=&#8221;vc_col-lg-offset-0 vc_col-lg-5 vc_col-md-offset-0 vc_col-sm-offset-0&#8243; css=&#8221;.vc_custom_1459513943382{padding-right: 7% !important;}&#8221;][vc_empty_space height=&#8221;41px&#8221;][vc_column_text]<\/p>\n<h5>Cocktails &amp; Dinner<\/h5>\n<p>[\/vc_column_text][vc_empty_space height=&#8221;12px&#8221;][vc_column_text]<\/p>\n<h4>Truth. After Dark<\/h4>\n<p>[\/vc_column_text][vc_empty_space height=&#8221;20px&#8221;][vc_column_text]<span style=\"font-weight: 400;\">Here in the Cape, we are a bit twisted. Who can blame us? a diverse cultural heritage is a serious understatement. Diversity is all about the upsides. Yes, our glasses tend to run half full.<\/span><\/p>\n<p><span style=\"font-weight: 400;\">This menu is a celebration of how that diversity has defined food in the South of Africa, and in the Cape, more specifically. We have tradition, culture, icons and of course, clich\u00e9s.\u00a0<\/span><\/p>\n<p><span style=\"font-weight: 400;\">This is us embracing that good stuff and deliberately getting it all wrong in a most delicious way. Celebrating and honouring the culture that we all grew up with and are so proud to be a part of.\u00a0<\/span><\/p>\n<p><span style=\"font-weight: 400;\">Shoo-wow, Gastro-Kaap is a thing, don\u2019t hate us, please?<\/span>[\/vc_column_text][vc_empty_space height=&#8221;40px&#8221;][\/vc_column][vc_column offset=&#8221;vc_col-lg-offset-0 vc_col-lg-7 vc_col-md-offset-0 vc_col-sm-offset-0&#8243;][vc_row_inner row_type=&#8221;row&#8221; type=&#8221;full_width&#8221; use_row_as_full_screen_section_slide=&#8221;no&#8221; text_align=&#8221;left&#8221; css_animation=&#8221;&#8221;][vc_column_inner offset=&#8221;vc_col-md-6&#8243;][vc_single_image image=&#8221;333&#8243; img_size=&#8221;full&#8221; qode_css_animation=&#8221;&#8221;][vc_empty_space height=&#8221;40px&#8221;][\/vc_column_inner][vc_column_inner offset=&#8221;vc_col-md-6&#8243;][vc_single_image image=&#8221;327&#8243; img_size=&#8221;full&#8221; qode_css_animation=&#8221;&#8221;][vc_empty_space height=&#8221;40px&#8221;][\/vc_column_inner][\/vc_row_inner][\/vc_column][\/vc_row][vc_row row_type=&#8221;row&#8221; use_row_as_full_screen_section=&#8221;no&#8221; type=&#8221;grid&#8221; text_align=&#8221;left&#8221; background_animation=&#8221;none&#8221; padding_top=&#8221;105&#8243; padding_bottom=&#8221;79&#8243; css_animation=&#8221;&#8221;][vc_column offset=&#8221;vc_col-lg-offset-0 vc_col-lg-7 vc_col-md-offset-0 vc_col-sm-offset-0&#8243;][vc_single_image image=&#8221;746&#8243; img_size=&#8221;large&#8221; alignment=&#8221;center&#8221; qode_css_animation=&#8221;&#8221;][vc_empty_space height=&#8221;16px&#8221;][vc_single_image image=&#8221;774&#8243; img_size=&#8221;large&#8221; alignment=&#8221;center&#8221; qode_css_animation=&#8221;&#8221;][\/vc_column][vc_column css=&#8221;.vc_custom_1459513931368{padding-left: 7% !important;}&#8221; offset=&#8221;vc_col-lg-offset-0 vc_col-lg-5 vc_col-md-offset-0 vc_col-sm-offset-0&#8243;][vc_empty_space height=&#8221;34px&#8221;][vc_column_text]<\/p>\n<h5><a href=\"https:\/\/www.traveller24.com\/News\/SA-coffee-shop-voted-the-best-in-the-WORLD-Here-are-our-fav-coffee-spots-in-SA-20150626\">Traveller24.com<\/a><\/h5>\n<p>[\/vc_column_text][vc_empty_space height=&#8221;12px&#8221;][vc_column_text]<\/p>\n<h1>&#8220;Truth Coffee &#8211; the very best in the world&#8221;<\/h1>\n<p>[\/vc_column_text][vc_empty_space height=&#8221;20px&#8221;][vc_column_text]&#8221;Truth Coffee Roasting\u00a0shop in Buitenkant street, Cape Town, has been mentioned by acclaimed UK news agency,\u00a0<a href=\"http:\/\/www.telegraph.co.uk\/foodanddrink\/coffee\/11693589\/The-worlds-best-coffee-shops.html\">The Telegraph<\/a>, as being the very best in the whole world &#8211; and we agree they&#8217;re the cream of the crop!<\/p>\n<p>From a list of 13 unique coffee shops and roasteries in the world, \u00a0Truth&#8217;s steampunk-inspired artisan coffee shop &#8211; a warehouse filled from top to bottom with metal piping and quirky, old machinery &#8211; surfaced on top, grinding out some of the top shops in France, Vienna, Singapore and Italy. &#8220;[\/vc_column_text][vc_empty_space height=&#8221;40px&#8221;][\/vc_column][\/vc_row][vc_row row_type=&#8221;row&#8221; use_row_as_full_screen_section=&#8221;no&#8221; type=&#8221;grid&#8221; text_align=&#8221;center&#8221; background_animation=&#8221;none&#8221; padding_top=&#8221;56&#8243; padding_bottom=&#8221;52&#8243; css_animation=&#8221;&#8221; css=&#8221;.vc_custom_1458138915465{background-color: #383838 !important;}&#8221;][vc_column]<div class=\"custom_font_holder\" style=\"font-family: Raleway; font-size: 26px; line-height: 37px; font-style: normal; font-weight: 600; color: #ffffff; text-decoration: none; letter-spacing: 0px; text-align: center;\"><span><\/p>\n<h2 style=\"color: white;\"><span style=\"color: #ffffff;\"><a style=\"color: #ffffff;\" href=\"tel:+27212017000\">Call us on +27 (21) 201 7000<\/a><\/span><\/h2>\n<p><\/span><\/div>[\/vc_column][\/vc_row]<\/p>\n","protected":false},"excerpt":{"rendered":"<p>[vc_row row_type=&#8221;row&#8221; use_row_as_full_screen_section=&#8221;no&#8221; type=&#8221;grid&#8221; text_align=&#8221;center&#8221; background_animation=&#8221;none&#8221; padding_top=&#8221;128&#8243; padding_bottom=&#8221;141&#8243; css_animation=&#8221;&#8221; background_color=&#8221;#000000&#8243;][vc_column width=&#8221;5\/6&#8243; offset=&#8221;vc_col-sm-offset-1&#8243;][vc_column_text] THE WORLD&#8217;S MOST LUXURIOUS COFFEE [\/vc_column_text][vc_empty_space height=&#8221;60px&#8221;][vc_column_text] Truth Coffee Roasting has specialized in selecting and roasting some of the world&#8217;s most exclusive coffees. Named the world&#8217;s best coffee shop by the The Daily&#8230;<\/p>\n","protected":false},"author":1,"featured_media":0,"parent":0,"menu_order":0,"comment_status":"closed","ping_status":"closed","template":"full_width.php","meta":{"footnotes":""},"class_list":["post-317","page","type-page","status-publish","hentry"],"_links":{"self":[{"href":"https:\/\/truth.capetown\/index.php\/wp-json\/wp\/v2\/pages\/317","targetHints":{"allow":["GET"]}}],"collection":[{"href":"https:\/\/truth.capetown\/index.php\/wp-json\/wp\/v2\/pages"}],"about":[{"href":"https:\/\/truth.capetown\/index.php\/wp-json\/wp\/v2\/types\/page"}],"author":[{"embeddable":true,"href":"https:\/\/truth.capetown\/index.php\/wp-json\/wp\/v2\/users\/1"}],"replies":[{"embeddable":true,"href":"https:\/\/truth.capetown\/index.php\/wp-json\/wp\/v2\/comments?post=317"}],"version-history":[{"count":92,"href":"https:\/\/truth.capetown\/index.php\/wp-json\/wp\/v2\/pages\/317\/revisions"}],"predecessor-version":[{"id":532,"href":"https:\/\/truth.capetown\/index.php\/wp-json\/wp\/v2\/pages\/317\/revisions\/532"}],"wp:attachment":[{"href":"https:\/\/truth.capetown\/index.php\/wp-json\/wp\/v2\/media?parent=317"}],"curies":[{"name":"wp","href":"https:\/\/api.w.org\/{rel}","templated":true}]}}